{"id":5023,"date":"2026-01-05T11:54:23","date_gmt":"2026-01-05T10:54:23","guid":{"rendered":"https:\/\/emptystands.me\/?page_id=5023"},"modified":"2026-01-09T20:49:00","modified_gmt":"2026-01-09T19:49:00","slug":"campaigns-for-amateur-clubs","status":"publish","type":"page","link":"https:\/\/emptystands.me\/en\/activism\/campain-packages\/campaigns-for-amateur-clubs\/","title":{"rendered":"Campaigns for amateur clubs"},"content":{"rendered":"\n<div style=\"height:100px\" aria-hidden=\"true\" class=\"wp-block-spacer\"><\/div>\n\n\n\n<p>Amateur clubs are the heart of football. With their strong sense of community and volunteer commitment, they represent important values of our society. They also play an important role when it comes to bringing our illnesses into the center of public awareness.<\/p>\n\n\n\n<p>Would you like to organize a solidarity action for people affected by ME\/CFS with your club, such as a charity match or tournament? Here you will find concrete suggestions for what such an action could look like. If you need additional ideas or materials for implementation, feel free to contact us at any time.<\/p>\n\n\n\n<div style=\"height:100px\" aria-hidden=\"true\" class=\"wp-block-spacer\"><\/div>\n\n\n\n<div class=\"wp-block-columns is-layout-flex wp-container-core-columns-is-layout-28f84493 wp-block-columns-is-layout-flex\">\n<div class=\"wp-block-column is-vertically-aligned-center is-layout-flow wp-block-column-is-layout-flow\" style=\"flex-basis:33.33%\">\n<figure class=\"wp-block-image size-full\"><img loading=\"lazy\" decoding=\"async\" width=\"2048\" height=\"1542\" src=\"https:\/\/emptystands.me\/wp-content\/uploads\/2026\/01\/getraenke-am-stand.jpeg\" alt=\"\" class=\"wp-image-4965\" srcset=\"https:\/\/emptystands.me\/wp-content\/uploads\/2026\/01\/getraenke-am-stand.jpeg 2048w, https:\/\/emptystands.me\/wp-content\/uploads\/2026\/01\/getraenke-am-stand-300x226.jpeg 300w, https:\/\/emptystands.me\/wp-content\/uploads\/2026\/01\/getraenke-am-stand-1024x771.jpeg 1024w, https:\/\/emptystands.me\/wp-content\/uploads\/2026\/01\/getraenke-am-stand-768x578.jpeg 768w, https:\/\/emptystands.me\/wp-content\/uploads\/2026\/01\/getraenke-am-stand-1536x1157.jpeg 1536w\" sizes=\"auto, (max-width: 2048px) 100vw, 2048px\" \/><\/figure>\n<\/div>\n\n\n\n<div class=\"wp-block-column is-layout-flow wp-block-column-is-layout-flow\"><\/div>\n\n\n\n<div class=\"wp-block-column is-vertically-aligned-center is-layout-flow wp-block-column-is-layout-flow\" style=\"flex-basis:66.66%\"><h3 class=\"wp-block-heading\" id=\"information-stand-at-the-stadium-where-fans-can-learn-about-mecfs\">Information stand at the stadium where fans can learn about ME\/CFS<\/h3>\n\n\n<ul class=\"wp-block-list\">\n<li>Distribution of Empty Stands <a href=\"https:\/\/emptystands.me\/en\/merch\/motives\/\" data-type=\"link\" data-id=\"https:\/\/emptystands.me\/en\/merch\/motives\/\">postcards, stickers, and flyers<\/a><\/li>\n\n\n\n<li>Distribution of solidarity shirts\/scarves in exchange for donations<\/li>\n\n\n\n<li>Food and drinks in exchange for donations<\/li>\n<\/ul>\n\n\n<h3 class=\"wp-block-heading\" id=\"exhibition-for-fans-about-empty-stands-and-our-illnesses\">Exhibition for fans about Empty Stands and our illnesses<\/h3>\n\n<h3 class=\"wp-block-heading\" id=\"player-walkon-actions\">Player walk-on actions<\/h3>\n\n\n<ul class=\"wp-block-list\">\n<li>A minute of silence for those who have died from ME\/CFS<\/li>\n\n\n\n<li>A speech before the match to express solidarity with people affected by ME\/CFS<\/li>\n<\/ul>\n\n\n<h3 class=\"wp-block-heading\" id=\"posters\">Posters<\/h3>\n\n<h3 class=\"wp-block-heading\" id=\"showing-banners\">Showing <a href=\"https:\/\/emptystands.me\/en\/gallery\/banners\/\" data-type=\"link\" data-id=\"https:\/\/emptystands.me\/en\/gallery\/banners\/\">Banners<\/a><\/h3><\/div>\n<\/div>\n\n\n\n<div style=\"height:100px\" aria-hidden=\"true\" class=\"wp-block-spacer\"><\/div>\n\n\n\n<figure class=\"wp-block-gallery has-nested-images columns-default is-cropped wp-block-gallery-1 is-layout-flex wp-block-gallery-is-layout-flex\">\n<figure class=\"wp-block-image size-large\"><img loading=\"lazy\" decoding=\"async\" width=\"1024\" height=\"768\" data-id=\"5009\" src=\"https:\/\/emptystands.me\/wp-content\/uploads\/2026\/01\/banner-1024x768.jpg\" alt=\"\" class=\"wp-image-5009\" srcset=\"https:\/\/emptystands.me\/wp-content\/uploads\/2026\/01\/banner-1024x768.jpg 1024w, https:\/\/emptystands.me\/wp-content\/uploads\/2026\/01\/banner-300x225.jpg 300w, https:\/\/emptystands.me\/wp-content\/uploads\/2026\/01\/banner-768x576.jpg 768w, https:\/\/emptystands.me\/wp-content\/uploads\/2026\/01\/banner-1536x1152.jpg 1536w, https:\/\/emptystands.me\/wp-content\/uploads\/2026\/01\/banner-2048x1536.jpg 2048w\" sizes=\"auto, (max-width: 1024px) 100vw, 1024px\" \/><\/figure>\n\n\n\n<figure class=\"wp-block-image size-large\"><img loading=\"lazy\" decoding=\"async\" width=\"1024\" height=\"768\" data-id=\"5010\" src=\"https:\/\/emptystands.me\/wp-content\/uploads\/2026\/01\/mannschaftsaufstellung-1024x768.jpg\" alt=\"\" class=\"wp-image-5010\" srcset=\"https:\/\/emptystands.me\/wp-content\/uploads\/2026\/01\/mannschaftsaufstellung-1024x768.jpg 1024w, https:\/\/emptystands.me\/wp-content\/uploads\/2026\/01\/mannschaftsaufstellung-300x225.jpg 300w, https:\/\/emptystands.me\/wp-content\/uploads\/2026\/01\/mannschaftsaufstellung-768x576.jpg 768w, https:\/\/emptystands.me\/wp-content\/uploads\/2026\/01\/mannschaftsaufstellung-1536x1152.jpg 1536w, https:\/\/emptystands.me\/wp-content\/uploads\/2026\/01\/mannschaftsaufstellung-2048x1536.jpg 2048w\" sizes=\"auto, (max-width: 1024px) 100vw, 1024px\" \/><\/figure>\n\n\n\n<figure class=\"wp-block-image size-large\"><img loading=\"lazy\" decoding=\"async\" width=\"1024\" height=\"768\" data-id=\"5006\" src=\"https:\/\/emptystands.me\/wp-content\/uploads\/2026\/01\/banner-anerkennung-statt-ignoranz-1024x768.jpg\" alt=\"\" class=\"wp-image-5006\" srcset=\"https:\/\/emptystands.me\/wp-content\/uploads\/2026\/01\/banner-anerkennung-statt-ignoranz-1024x768.jpg 1024w, https:\/\/emptystands.me\/wp-content\/uploads\/2026\/01\/banner-anerkennung-statt-ignoranz-300x225.jpg 300w, https:\/\/emptystands.me\/wp-content\/uploads\/2026\/01\/banner-anerkennung-statt-ignoranz-768x576.jpg 768w, https:\/\/emptystands.me\/wp-content\/uploads\/2026\/01\/banner-anerkennung-statt-ignoranz-1536x1152.jpg 1536w, https:\/\/emptystands.me\/wp-content\/uploads\/2026\/01\/banner-anerkennung-statt-ignoranz-2048x1536.jpg 2048w\" sizes=\"auto, (max-width: 1024px) 100vw, 1024px\" \/><\/figure>\n\n\n\n<figure class=\"wp-block-image size-large\"><img loading=\"lazy\" decoding=\"async\" width=\"771\" height=\"1024\" data-id=\"4966\" src=\"https:\/\/emptystands.me\/wp-content\/uploads\/2026\/01\/benefizspiel-banner-771x1024.jpeg\" alt=\"\" class=\"wp-image-4966\" srcset=\"https:\/\/emptystands.me\/wp-content\/uploads\/2026\/01\/benefizspiel-banner-771x1024.jpeg 771w, https:\/\/emptystands.me\/wp-content\/uploads\/2026\/01\/benefizspiel-banner-226x300.jpeg 226w, https:\/\/emptystands.me\/wp-content\/uploads\/2026\/01\/benefizspiel-banner-768x1020.jpeg 768w, https:\/\/emptystands.me\/wp-content\/uploads\/2026\/01\/benefizspiel-banner-1157x1536.jpeg 1157w, https:\/\/emptystands.me\/wp-content\/uploads\/2026\/01\/benefizspiel-banner.jpeg 1542w\" sizes=\"auto, (max-width: 771px) 100vw, 771px\" \/><\/figure>\n\n\n\n<figure class=\"wp-block-image size-large\"><img loading=\"lazy\" decoding=\"async\" width=\"1024\" height=\"771\" data-id=\"4964\" src=\"https:\/\/emptystands.me\/wp-content\/uploads\/2026\/01\/postkarten-sticker-am-stand-1024x771.jpeg\" alt=\"\" class=\"wp-image-4964\" srcset=\"https:\/\/emptystands.me\/wp-content\/uploads\/2026\/01\/postkarten-sticker-am-stand-1024x771.jpeg 1024w, https:\/\/emptystands.me\/wp-content\/uploads\/2026\/01\/postkarten-sticker-am-stand-300x226.jpeg 300w, https:\/\/emptystands.me\/wp-content\/uploads\/2026\/01\/postkarten-sticker-am-stand-768x578.jpeg 768w, https:\/\/emptystands.me\/wp-content\/uploads\/2026\/01\/postkarten-sticker-am-stand-1536x1157.jpeg 1536w, https:\/\/emptystands.me\/wp-content\/uploads\/2026\/01\/postkarten-sticker-am-stand.jpeg 2048w\" sizes=\"auto, (max-width: 1024px) 100vw, 1024px\" \/><\/figure>\n\n\n\n<figure class=\"wp-block-image size-large\"><img loading=\"lazy\" decoding=\"async\" width=\"1024\" height=\"768\" data-id=\"5005\" src=\"https:\/\/emptystands.me\/wp-content\/uploads\/2026\/01\/banner-am-zaun-1024x768.jpg\" alt=\"\" class=\"wp-image-5005\" srcset=\"https:\/\/emptystands.me\/wp-content\/uploads\/2026\/01\/banner-am-zaun-1024x768.jpg 1024w, https:\/\/emptystands.me\/wp-content\/uploads\/2026\/01\/banner-am-zaun-300x225.jpg 300w, https:\/\/emptystands.me\/wp-content\/uploads\/2026\/01\/banner-am-zaun-768x576.jpg 768w, https:\/\/emptystands.me\/wp-content\/uploads\/2026\/01\/banner-am-zaun-1536x1152.jpg 1536w, https:\/\/emptystands.me\/wp-content\/uploads\/2026\/01\/banner-am-zaun-2048x1536.jpg 2048w\" sizes=\"auto, (max-width: 1024px) 100vw, 1024px\" \/><\/figure>\n<\/figure>\n\n\n\n<figure class=\"wp-block-gallery has-nested-images columns-default is-cropped wp-block-gallery-2 is-layout-flex wp-block-gallery-is-layout-flex\">\n<figure class=\"wp-block-image size-large\"><img loading=\"lazy\" decoding=\"async\" width=\"1024\" height=\"683\" data-id=\"3440\" src=\"https:\/\/emptystands.me\/wp-content\/uploads\/2025\/08\/tapete_links-vorne-1024x683.jpg\" alt=\"Ein Schwarz-Wei\u00df-Foto am Spielfeldrand eines Fu\u00dfballplatzes. Mehrere Personen, einige von ihnen tragen Fu\u00dfballtrikots, halten ein gro\u00dfes, zweizeiliges Banner hoch. Die obere Zeile lautet &quot;CURE ME\/CFS: PVA IST MITT\u00c4TER!&quot;. Die untere Zeile besagt &quot;CURE ME\/CFS BETROFFENEN GLAUBEN&quot;. Ein Schild an der Seite der Absperrung zeigt ein freies B\u00fcndel mit der Aufschrift &quot;FREE ALL ANTFAS&quot;. Im Hintergrund sind ein Tor und B\u00e4ume zu sehen.\" class=\"wp-image-3440\" srcset=\"https:\/\/emptystands.me\/wp-content\/uploads\/2025\/08\/tapete_links-vorne-1024x683.jpg 1024w, https:\/\/emptystands.me\/wp-content\/uploads\/2025\/08\/tapete_links-vorne-300x200.jpg 300w, https:\/\/emptystands.me\/wp-content\/uploads\/2025\/08\/tapete_links-vorne-768x512.jpg 768w, https:\/\/emptystands.me\/wp-content\/uploads\/2025\/08\/tapete_links-vorne-1536x1024.jpg 1536w, https:\/\/emptystands.me\/wp-content\/uploads\/2025\/08\/tapete_links-vorne.jpg 1600w\" sizes=\"auto, (max-width: 1024px) 100vw, 1024px\" \/><\/figure>\n\n\n\n<figure class=\"wp-block-image size-large\"><img loading=\"lazy\" decoding=\"async\" width=\"1024\" height=\"683\" data-id=\"3439\" src=\"https:\/\/emptystands.me\/wp-content\/uploads\/2025\/08\/tapete_links-vorne-spielfeld-1024x683.jpg\" alt=\"Ein Schwarz-Wei\u00df-Foto einer Fu\u00dfballmannschaft, die auf einem Sportplatz f\u00fcr ein Gruppenfoto posiert. Die Spieler tragen Trikots und kurze Hosen. Sie halten gemeinsam ein Banner mit der Aufschrift &quot;CURE ME\/CFS BETROFFENEN GLAUBEN&quot;. Ein Fu\u00dfballtor ist im Hintergrund sichtbar, und die Spieler stehen auf dem Rasen.\" class=\"wp-image-3439\" srcset=\"https:\/\/emptystands.me\/wp-content\/uploads\/2025\/08\/tapete_links-vorne-spielfeld-1024x683.jpg 1024w, https:\/\/emptystands.me\/wp-content\/uploads\/2025\/08\/tapete_links-vorne-spielfeld-300x200.jpg 300w, https:\/\/emptystands.me\/wp-content\/uploads\/2025\/08\/tapete_links-vorne-spielfeld-768x512.jpg 768w, https:\/\/emptystands.me\/wp-content\/uploads\/2025\/08\/tapete_links-vorne-spielfeld-1536x1024.jpg 1536w, https:\/\/emptystands.me\/wp-content\/uploads\/2025\/08\/tapete_links-vorne-spielfeld.jpg 1600w\" sizes=\"auto, (max-width: 1024px) 100vw, 1024px\" \/><\/figure>\n\n\n\n<figure class=\"wp-block-image size-large\"><img loading=\"lazy\" decoding=\"async\" width=\"1024\" height=\"683\" data-id=\"3438\" src=\"https:\/\/emptystands.me\/wp-content\/uploads\/2025\/08\/tapete_links-vorne-rollstuhl-1024x683.jpg\" alt=\"Ein schwarz-wei\u00dfes Foto: Eine Gruppe von Menschen h\u00e4lt ein gro\u00dfes Transparent mit der Aufschrift &quot;Cure ME\/CFS: Betroffenen glauben&quot; und darunter ein Banner mit der Aufschrift &quot;Cure ME\/CFS: PVA ist Mitt\u00e4ter!&quot; hoch. Davor sitzt links eine Frau im Rollstuhl. Die Szene fordert Aufmerksamkeit f\u00fcr die Krankheit ME\/CFS.\" class=\"wp-image-3438\" srcset=\"https:\/\/emptystands.me\/wp-content\/uploads\/2025\/08\/tapete_links-vorne-rollstuhl-1024x683.jpg 1024w, https:\/\/emptystands.me\/wp-content\/uploads\/2025\/08\/tapete_links-vorne-rollstuhl-300x200.jpg 300w, https:\/\/emptystands.me\/wp-content\/uploads\/2025\/08\/tapete_links-vorne-rollstuhl-768x512.jpg 768w, https:\/\/emptystands.me\/wp-content\/uploads\/2025\/08\/tapete_links-vorne-rollstuhl-1536x1024.jpg 1536w, https:\/\/emptystands.me\/wp-content\/uploads\/2025\/08\/tapete_links-vorne-rollstuhl.jpg 1600w\" sizes=\"auto, (max-width: 1024px) 100vw, 1024px\" \/><\/figure>\n<\/figure>\n\n\n\n<div class=\"wp-block-columns is-layout-flex wp-container-core-columns-is-layout-28f84493 wp-block-columns-is-layout-flex\">\n<div class=\"wp-block-column is-layout-flow wp-block-column-is-layout-flow\"><div class=\"wp-block-post-excerpt\"><p class=\"wp-block-post-excerpt__excerpt\">\u00a9 @tribuene_links_vorne &amp; @christopher.glanzl auf Instagram <\/p><\/div><\/div>\n\n\n\n<div class=\"wp-block-column is-layout-flow wp-block-column-is-layout-flow\"><div class=\"wp-block-post-excerpt\"><p class=\"wp-block-post-excerpt__excerpt\">\u00a9 @tribuene_links_vorne &amp; @christopher.glanzl auf Instagram <\/p><\/div><\/div>\n\n\n\n<div class=\"wp-block-column is-layout-flow wp-block-column-is-layout-flow\"><div class=\"wp-block-post-excerpt\"><p class=\"wp-block-post-excerpt__excerpt\">\u00a9 @tribuene_links_vorne &amp; @christopher.glanzl auf Instagram <\/p><\/div><\/div>\n<\/div>\n\n\n\n<p><\/p>\n","protected":false},"excerpt":{"rendered":"<p>\u00a9 @tribuene_links_vorne &amp; @christopher.glanzl auf Instagram<\/p>\n","protected":false},"author":3,"featured_media":0,"parent":3096,"menu_order":1,"comment_status":"closed","ping_status":"closed","template":"","meta":{"_EventAllDay":false,"_EventTimezone":"","_EventStartDate":"","_EventEndDate":"","_EventStartDateUTC":"","_EventEndDateUTC":"","_EventShowMap":false,"_EventShowMapLink":false,"_EventURL":"","_EventCost":"","_EventCostDescription":"","_EventCurrencySymbol":"","_EventCurrencyCode":"","_EventCurrencyPosition":"","_EventDateTimeSeparator":"","_EventTimeRangeSeparator":"","_EventOrganizerID":[],"_EventVenueID":[],"_OrganizerEmail":"","_OrganizerPhone":"","_OrganizerWebsite":"","_VenueAddress":"","_VenueCity":"","_VenueCountry":"","_VenueProvince":"","_VenueState":"","_VenueZip":"","_VenuePhone":"","_VenueURL":"","_VenueStateProvince":"","_VenueLat":"","_VenueLng":"","_VenueShowMap":false,"_VenueShowMapLink":false,"_locale":"en_US","_original_post":"https:\/\/emptystands.me\/?page_id=4936","footnotes":""},"class_list":["post-5023","page","type-page","status-publish","hentry","en-US"],"_links":{"self":[{"href":"https:\/\/emptystands.me\/wp-json\/wp\/v2\/pages\/5023","targetHints":{"allow":["GET"]}}],"collection":[{"href":"https:\/\/emptystands.me\/wp-json\/wp\/v2\/pages"}],"about":[{"href":"https:\/\/emptystands.me\/wp-json\/wp\/v2\/types\/page"}],"author":[{"embeddable":true,"href":"https:\/\/emptystands.me\/wp-json\/wp\/v2\/users\/3"}],"replies":[{"embeddable":true,"href":"https:\/\/emptystands.me\/wp-json\/wp\/v2\/comments?post=5023"}],"version-history":[{"count":5,"href":"https:\/\/emptystands.me\/wp-json\/wp\/v2\/pages\/5023\/revisions"}],"predecessor-version":[{"id":5047,"href":"https:\/\/emptystands.me\/wp-json\/wp\/v2\/pages\/5023\/revisions\/5047"}],"up":[{"embeddable":true,"href":"https:\/\/emptystands.me\/wp-json\/wp\/v2\/pages\/3096"}],"wp:attachment":[{"href":"https:\/\/emptystands.me\/wp-json\/wp\/v2\/media?parent=5023"}],"curies":[{"name":"wp","href":"https:\/\/api.w.org\/{rel}","templated":true}]}}